{"id":458,"date":"2022-11-17T22:37:21","date_gmt":"2022-11-18T03:37:21","guid":{"rendered":"https:\/\/transboundariness.com\/student-registration\/"},"modified":"2022-11-17T22:37:21","modified_gmt":"2022-11-18T03:37:21","slug":"student-registration","status":"publish","type":"page","link":"https:\/\/transboundariness.com\/es\/student-registration\/","title":{"rendered":"Student Registration"},"content":{"rendered":"<div id=\"tutor-registration-wrap\">\n\n\t\t\n\t\t<form method=\"post\" enctype=\"multipart\/form-data\" id=\"tutor-registration-form\" action=\"\">\n\t\t\t<input type=\"hidden\" name=\"tutor_course_enroll_attempt\" value=\"\">\n\t\t\t\n\t\t\t<input type=\"hidden\" id=\"_tutor_nonce\" name=\"_tutor_nonce\" value=\"5dd2a8e426\" \/><input type=\"hidden\" name=\"_wp_http_referer\" value=\"\/es\/wp-json\/wp\/v2\/pages\/458\" \/>\t\t\t<input type=\"hidden\" value=\"tutor_register_student\" name=\"tutor_action\"\/>\n\n\t\t\t\n\t\t\t<div class=\"tutor-form-row\">\n\t\t\t\t<div class=\"tutor-form-col-6\">\n\t\t\t\t\t<div class=\"tutor-form-group\">\n\t\t\t\t\t\t<label>\n\t\t\t\t\t\t\tNombre\t\t\t\t\t\t<\/label>\n\n\t\t\t\t\t\t<input type=\"text\" name=\"first_name\" value=\"\" placeholder=\"Nombre\" required autocomplete=\"given-name\">\n\t\t\t\t\t<\/div>\n\t\t\t\t<\/div>\n\n\t\t\t\t<div class=\"tutor-form-col-6\">\n\t\t\t\t\t<div class=\"tutor-form-group\">\n\t\t\t\t\t\t<label>\n\t\t\t\t\t\t\tApellidos\t\t\t\t\t\t<\/label>\n\n\t\t\t\t\t\t<input type=\"text\" name=\"last_name\" value=\"\" placeholder=\"Apellidos\" required autocomplete=\"family-name\">\n\t\t\t\t\t<\/div>\n\t\t\t\t<\/div>\n\n\t\t\t<\/div>\n\n\t\t\t<div class=\"tutor-form-row\">\n\t\t\t\t<div class=\"tutor-form-col-6\">\n\t\t\t\t\t<div class=\"tutor-form-group\">\n\t\t\t\t\t\t<label>\n\t\t\t\t\t\t\tNombre de usuario\t\t\t\t\t\t<\/label>\n\n\t\t\t\t\t\t<input type=\"text\" name=\"user_login\" class=\"tutor_user_name\" value=\"\" placeholder=\"Nombre de usuario\" required autocomplete=\"username\">\n\t\t\t\t\t<\/div>\n\t\t\t\t<\/div>\n\n\t\t\t\t<div class=\"tutor-form-col-6\">\n\t\t\t\t\t<div class=\"tutor-form-group\">\n\t\t\t\t\t\t<label>\n\t\t\t\t\t\t\tCorreo electr\u00f3nico\t\t\t\t\t\t<\/label>\n\n\t\t\t\t\t\t<input type=\"text\" name=\"email\" value=\"\" placeholder=\"Correo electr\u00f3nico\" required autocomplete=\"email\">\n\t\t\t\t\t<\/div>\n\t\t\t\t<\/div>\n\n\t\t\t<\/div>\n\n\t\t\t<div class=\"tutor-form-row\">\n\t\t\t\t<div class=\"tutor-form-col-6\">\n\t\t\t\t\t<div class=\"tutor-form-group\">\n\t\t\t\t\t\t<div class=\"tutor-password-strength-checker\">\n\t\t\t\t\t\t\t<div class=\"tutor-password-field\">\n\t\t\t\t\t\t\t\t<label>\n\t\t\t\t\t\t\t\t\tContrase\u00f1a\t\t\t\t\t\t\t\t<\/label>\n\n\t\t\t\t\t\t\t\t<input class=\"password-checker\" id=\"tutor-new-password\" type=\"password\" name=\"password\" value=\"\" placeholder=\"Contrase\u00f1a\" required autocomplete=\"new-password\" style=\"margin-bottom: 0;\">\n\t\t\t\t\t\t\t\t<span class=\"show-hide-btn\"><\/span>\n\t\t\t\t\t\t\t<\/div>\n\n\t\t\t\t\t\t\t<div class=\"tutor-password-strength-hint\">\n\t\t\t\t\t\t\t\t<div class=\"indicator\">\n\t\t\t\t\t\t\t\t\t<span class=\"weak\"><\/span>\n\t\t\t\t\t\t\t\t\t<span class=\"medium\"><\/span>\n\t\t\t\t\t\t\t\t\t<span class=\"strong\"><\/span>\n\t\t\t\t\t\t\t\t<\/div>\n\t\t\t\t\t\t\t\t<div class=\"text tutor-fs-7 tutor-color-muted\"><\/div>\n\t\t\t\t\t\t\t<\/div>\n\t\t\t\t\t\t<\/div>\n\t\t\t\t\t<\/div>\n\t\t\t\t<\/div>\n\n\t\t\t\t<div class=\"tutor-form-col-6\">\n\t\t\t\t\t<div class=\"tutor-form-group\">\n\t\t\t\t\t\t<label>\n\t\t\t\t\t\t\tConfirmaci\u00f3n de contrase\u00f1a\t\t\t\t\t\t<\/label>\n\n\t\t\t\t\t\t<div class=\"tutor-form-wrap\">\n\t\t\t\t\t\t\t<span class=\"tutor-validation-icon tutor-icon-mark tutor-color-success tutor-form-icon tutor-form-icon-reverse\" style=\"display: none;\"><\/span>\n\t\t\t\t\t\t\t<input type=\"password\" name=\"password_confirmation\" value=\"\" placeholder=\"Confirmaci\u00f3n de contrase\u00f1a\" required autocomplete=\"new-password\" style=\"margin-bottom: 0;\">\n\t\t\t\t\t\t<\/div>\n\t\t\t\t\t<\/div>\n\t\t\t\t<\/div>\n\t\t\t<\/div>\n\n\n\t\t\t<div class=\"tutor-form-row\">\n\t\t\t\t<div class=\"tutor-form-col-12\">\n\t\t\t\t\t<div class=\"tutor-form-group\">\n\t\t\t\t\t\t\t\t\t\t<\/div>\n\t\t\t\t<\/div>\n\t\t\t<\/div>    \n\n\t\t\t\n\t\t\t\t\t\t\n\t\t\t<div>\n\t\t\t\t<button type=\"submit\" name=\"tutor_register_student_btn\" value=\"register\" class=\"tutor-btn tutor-btn-primary tutor-btn-block\">Registro<\/button>\n\t\t\t<\/div>\n\t\t\t\t\t\t\n\t\t<input type=\"hidden\" name=\"trp-form-language\" value=\"es\"\/><\/form>\n\t\t\t\t\n\t<\/div>","protected":false},"excerpt":{"rendered":"<p>Nombre Apellidos Nombre de usuario Correo electr\u00f3nico Contrase\u00f1a Confirmaci\u00f3n de contrase\u00f1a Registro<\/p>","protected":false},"author":1,"featured_media":0,"parent":0,"menu_order":0,"comment_status":"closed","ping_status":"closed","template":"","meta":{"_et_pb_use_builder":"","_et_pb_old_content":"","_et_gb_content_width":"","footnotes":""},"class_list":["post-458","page","type-page","status-publish","hentry"],"yoast_head":"<!-- This site is optimized with the Yoast SEO plugin v27.3 - https:\/\/yoast.com\/product\/yoast-seo-wordpress\/ -->\n<title>Student Registration - Transboundariness<\/title>\n<meta name=\"robots\" content=\"index, follow, max-snippet:-1, max-image-preview:large, max-video-preview:-1\" \/>\n<link rel=\"canonical\" href=\"https:\/\/transboundariness.com\/es\/student-registration\/\" \/>\n<meta property=\"og:locale\" content=\"es_MX\" \/>\n<meta property=\"og:type\" content=\"article\" \/>\n<meta property=\"og:title\" content=\"Student Registration - Transboundariness\" \/>\n<meta property=\"og:description\" content=\"Nombre Apellidos Nombre de usuario Correo electr\u00f3nico Contrase\u00f1a Confirmaci\u00f3n de contrase\u00f1a Registro\" \/>\n<meta property=\"og:url\" content=\"https:\/\/transboundariness.com\/es\/student-registration\/\" \/>\n<meta property=\"og:site_name\" content=\"Transboundariness\" \/>\n<meta property=\"article:publisher\" content=\"https:\/\/www.facebook.com\/RosarioSanchezF\" \/>\n<meta name=\"twitter:card\" content=\"summary_large_image\" \/>\n<meta name=\"twitter:site\" content=\"@phdrosariosf\" \/>\n<script type=\"application\/ld+json\" class=\"yoast-schema-graph\">{\"@context\":\"https:\\\/\\\/schema.org\",\"@graph\":[{\"@type\":\"WebPage\",\"@id\":\"https:\\\/\\\/transboundariness.com\\\/student-registration\\\/\",\"url\":\"https:\\\/\\\/transboundariness.com\\\/student-registration\\\/\",\"name\":\"Student Registration - Transboundariness\",\"isPartOf\":{\"@id\":\"https:\\\/\\\/transboundariness.com\\\/#website\"},\"datePublished\":\"2022-11-18T03:37:21+00:00\",\"breadcrumb\":{\"@id\":\"https:\\\/\\\/transboundariness.com\\\/student-registration\\\/#breadcrumb\"},\"inLanguage\":\"es\",\"potentialAction\":[{\"@type\":\"ReadAction\",\"target\":[\"https:\\\/\\\/transboundariness.com\\\/student-registration\\\/\"]}]},{\"@type\":\"BreadcrumbList\",\"@id\":\"https:\\\/\\\/transboundariness.com\\\/student-registration\\\/#breadcrumb\",\"itemListElement\":[{\"@type\":\"ListItem\",\"position\":1,\"name\":\"Home\",\"item\":\"https:\\\/\\\/transboundariness.com\\\/\"},{\"@type\":\"ListItem\",\"position\":2,\"name\":\"Student Registration\"}]},{\"@type\":\"WebSite\",\"@id\":\"https:\\\/\\\/transboundariness.com\\\/#website\",\"url\":\"https:\\\/\\\/transboundariness.com\\\/\",\"name\":\"Transboundariness\",\"description\":\"Water Resources Research Scientist\",\"publisher\":{\"@id\":\"https:\\\/\\\/transboundariness.com\\\/#organization\"},\"potentialAction\":[{\"@type\":\"SearchAction\",\"target\":{\"@type\":\"EntryPoint\",\"urlTemplate\":\"https:\\\/\\\/transboundariness.com\\\/?s={search_term_string}\"},\"query-input\":{\"@type\":\"PropertyValueSpecification\",\"valueRequired\":true,\"valueName\":\"search_term_string\"}}],\"inLanguage\":\"es\"},{\"@type\":\"Organization\",\"@id\":\"https:\\\/\\\/transboundariness.com\\\/#organization\",\"name\":\"Transboundariness\",\"url\":\"https:\\\/\\\/transboundariness.com\\\/\",\"logo\":{\"@type\":\"ImageObject\",\"inLanguage\":\"es\",\"@id\":\"https:\\\/\\\/transboundariness.com\\\/#\\\/schema\\\/logo\\\/image\\\/\",\"url\":\"https:\\\/\\\/transboundariness.com\\\/wp-content\\\/uploads\\\/2022\\\/08\\\/cropped-Logo-Rosario-Negro-2.png\",\"contentUrl\":\"https:\\\/\\\/transboundariness.com\\\/wp-content\\\/uploads\\\/2022\\\/08\\\/cropped-Logo-Rosario-Negro-2.png\",\"width\":512,\"height\":512,\"caption\":\"Transboundariness\"},\"image\":{\"@id\":\"https:\\\/\\\/transboundariness.com\\\/#\\\/schema\\\/logo\\\/image\\\/\"},\"sameAs\":[\"https:\\\/\\\/www.facebook.com\\\/RosarioSanchezF\",\"https:\\\/\\\/x.com\\\/phdrosariosf\",\"https:\\\/\\\/www.instagram.com\\\/transboundarywaters\\\/\",\"https:\\\/\\\/www.linkedin.com\\\/in\\\/rosario-sanchez-94727833\\\/\"]}]}<\/script>\n<!-- \/ Yoast SEO plugin. -->","yoast_head_json":{"title":"Student Registration - Transboundariness","robots":{"index":"index","follow":"follow","max-snippet":"max-snippet:-1","max-image-preview":"max-image-preview:large","max-video-preview":"max-video-preview:-1"},"canonical":"https:\/\/transboundariness.com\/es\/student-registration\/","og_locale":"es_MX","og_type":"article","og_title":"Student Registration - Transboundariness","og_description":"Nombre Apellidos Nombre de usuario Correo electr\u00f3nico Contrase\u00f1a Confirmaci\u00f3n de contrase\u00f1a Registro","og_url":"https:\/\/transboundariness.com\/es\/student-registration\/","og_site_name":"Transboundariness","article_publisher":"https:\/\/www.facebook.com\/RosarioSanchezF","twitter_card":"summary_large_image","twitter_site":"@phdrosariosf","schema":{"@context":"https:\/\/schema.org","@graph":[{"@type":"WebPage","@id":"https:\/\/transboundariness.com\/student-registration\/","url":"https:\/\/transboundariness.com\/student-registration\/","name":"Student Registration - Transboundariness","isPartOf":{"@id":"https:\/\/transboundariness.com\/#website"},"datePublished":"2022-11-18T03:37:21+00:00","breadcrumb":{"@id":"https:\/\/transboundariness.com\/student-registration\/#breadcrumb"},"inLanguage":"es","potentialAction":[{"@type":"ReadAction","target":["https:\/\/transboundariness.com\/student-registration\/"]}]},{"@type":"BreadcrumbList","@id":"https:\/\/transboundariness.com\/student-registration\/#breadcrumb","itemListElement":[{"@type":"ListItem","position":1,"name":"Home","item":"https:\/\/transboundariness.com\/"},{"@type":"ListItem","position":2,"name":"Student Registration"}]},{"@type":"WebSite","@id":"https:\/\/transboundariness.com\/#website","url":"https:\/\/transboundariness.com\/","name":"Transboundariness","description":"Water Resources Research Scientist","publisher":{"@id":"https:\/\/transboundariness.com\/#organization"},"potentialAction":[{"@type":"SearchAction","target":{"@type":"EntryPoint","urlTemplate":"https:\/\/transboundariness.com\/?s={search_term_string}"},"query-input":{"@type":"PropertyValueSpecification","valueRequired":true,"valueName":"search_term_string"}}],"inLanguage":"es"},{"@type":"Organization","@id":"https:\/\/transboundariness.com\/#organization","name":"Transboundariness","url":"https:\/\/transboundariness.com\/","logo":{"@type":"ImageObject","inLanguage":"es","@id":"https:\/\/transboundariness.com\/#\/schema\/logo\/image\/","url":"https:\/\/transboundariness.com\/wp-content\/uploads\/2022\/08\/cropped-Logo-Rosario-Negro-2.png","contentUrl":"https:\/\/transboundariness.com\/wp-content\/uploads\/2022\/08\/cropped-Logo-Rosario-Negro-2.png","width":512,"height":512,"caption":"Transboundariness"},"image":{"@id":"https:\/\/transboundariness.com\/#\/schema\/logo\/image\/"},"sameAs":["https:\/\/www.facebook.com\/RosarioSanchezF","https:\/\/x.com\/phdrosariosf","https:\/\/www.instagram.com\/transboundarywaters\/","https:\/\/www.linkedin.com\/in\/rosario-sanchez-94727833\/"]}]}},"_links":{"self":[{"href":"https:\/\/transboundariness.com\/es\/wp-json\/wp\/v2\/pages\/458","targetHints":{"allow":["GET"]}}],"collection":[{"href":"https:\/\/transboundariness.com\/es\/wp-json\/wp\/v2\/pages"}],"about":[{"href":"https:\/\/transboundariness.com\/es\/wp-json\/wp\/v2\/types\/page"}],"author":[{"embeddable":true,"href":"https:\/\/transboundariness.com\/es\/wp-json\/wp\/v2\/users\/1"}],"replies":[{"embeddable":true,"href":"https:\/\/transboundariness.com\/es\/wp-json\/wp\/v2\/comments?post=458"}],"version-history":[{"count":0,"href":"https:\/\/transboundariness.com\/es\/wp-json\/wp\/v2\/pages\/458\/revisions"}],"wp:attachment":[{"href":"https:\/\/transboundariness.com\/es\/wp-json\/wp\/v2\/media?parent=458"}],"curies":[{"name":"wp","href":"https:\/\/api.w.org\/{rel}","templated":true}]}}