{"id":457,"date":"2022-11-17T22:37:21","date_gmt":"2022-11-18T03:37:21","guid":{"rendered":"https:\/\/transboundariness.com\/dashboard\/"},"modified":"2022-11-17T22:37:21","modified_gmt":"2022-11-18T03:37:21","slug":"dashboard","status":"publish","type":"page","link":"https:\/\/transboundariness.com\/es\/dashboard\/","title":{"rendered":"Dashboard"},"content":{"rendered":"Por favor <a data-login_url=\"\" href=\"#\" class=\"tutor-open-login-modal\">Inicia sessi\u00f3n<\/a> para ver esta p\u00e1gina","protected":false},"excerpt":{"rendered":"<p>Por favor Inicia sessi\u00f3n para ver esta p\u00e1gina<\/p>","protected":false},"author":1,"featured_media":0,"parent":0,"menu_order":0,"comment_status":"closed","ping_status":"closed","template":"","meta":{"_et_pb_use_builder":"","_et_pb_old_content":"","_et_gb_content_width":"","footnotes":""},"class_list":["post-457","page","type-page","status-publish","hentry"],"yoast_head":"<!-- This site is optimized with the Yoast SEO plugin v27.3 - https:\/\/yoast.com\/product\/yoast-seo-wordpress\/ -->\n<title>Dashboard - Transboundariness<\/title>\n<meta name=\"robots\" content=\"index, follow, max-snippet:-1, max-image-preview:large, max-video-preview:-1\" \/>\n<link rel=\"canonical\" href=\"https:\/\/transboundariness.com\/es\/dashboard\/\" \/>\n<meta property=\"og:locale\" content=\"es_MX\" \/>\n<meta property=\"og:type\" content=\"article\" \/>\n<meta property=\"og:title\" content=\"Dashboard - Transboundariness\" \/>\n<meta property=\"og:description\" content=\"Por favor Inicia sessi\u00f3n para ver esta p\u00e1gina\" \/>\n<meta property=\"og:url\" content=\"https:\/\/transboundariness.com\/es\/dashboard\/\" \/>\n<meta property=\"og:site_name\" content=\"Transboundariness\" \/>\n<meta property=\"article:publisher\" content=\"https:\/\/www.facebook.com\/RosarioSanchezF\" \/>\n<meta name=\"twitter:card\" content=\"summary_large_image\" \/>\n<meta name=\"twitter:site\" content=\"@phdrosariosf\" \/>\n<script type=\"application\/ld+json\" class=\"yoast-schema-graph\">{\"@context\":\"https:\\\/\\\/schema.org\",\"@graph\":[{\"@type\":\"WebPage\",\"@id\":\"https:\\\/\\\/transboundariness.com\\\/dashboard\\\/\",\"url\":\"https:\\\/\\\/transboundariness.com\\\/dashboard\\\/\",\"name\":\"Dashboard - Transboundariness\",\"isPartOf\":{\"@id\":\"https:\\\/\\\/transboundariness.com\\\/#website\"},\"datePublished\":\"2022-11-18T03:37:21+00:00\",\"breadcrumb\":{\"@id\":\"https:\\\/\\\/transboundariness.com\\\/dashboard\\\/#breadcrumb\"},\"inLanguage\":\"es\",\"potentialAction\":[{\"@type\":\"ReadAction\",\"target\":[\"https:\\\/\\\/transboundariness.com\\\/dashboard\\\/\"]}]},{\"@type\":\"BreadcrumbList\",\"@id\":\"https:\\\/\\\/transboundariness.com\\\/dashboard\\\/#breadcrumb\",\"itemListElement\":[{\"@type\":\"ListItem\",\"position\":1,\"name\":\"Home\",\"item\":\"https:\\\/\\\/transboundariness.com\\\/\"},{\"@type\":\"ListItem\",\"position\":2,\"name\":\"Dashboard\"}]},{\"@type\":\"WebSite\",\"@id\":\"https:\\\/\\\/transboundariness.com\\\/#website\",\"url\":\"https:\\\/\\\/transboundariness.com\\\/\",\"name\":\"Transboundariness\",\"description\":\"Water Resources Research Scientist\",\"publisher\":{\"@id\":\"https:\\\/\\\/transboundariness.com\\\/#organization\"},\"potentialAction\":[{\"@type\":\"SearchAction\",\"target\":{\"@type\":\"EntryPoint\",\"urlTemplate\":\"https:\\\/\\\/transboundariness.com\\\/?s={search_term_string}\"},\"query-input\":{\"@type\":\"PropertyValueSpecification\",\"valueRequired\":true,\"valueName\":\"search_term_string\"}}],\"inLanguage\":\"es\"},{\"@type\":\"Organization\",\"@id\":\"https:\\\/\\\/transboundariness.com\\\/#organization\",\"name\":\"Transboundariness\",\"url\":\"https:\\\/\\\/transboundariness.com\\\/\",\"logo\":{\"@type\":\"ImageObject\",\"inLanguage\":\"es\",\"@id\":\"https:\\\/\\\/transboundariness.com\\\/#\\\/schema\\\/logo\\\/image\\\/\",\"url\":\"https:\\\/\\\/transboundariness.com\\\/wp-content\\\/uploads\\\/2022\\\/08\\\/cropped-Logo-Rosario-Negro-2.png\",\"contentUrl\":\"https:\\\/\\\/transboundariness.com\\\/wp-content\\\/uploads\\\/2022\\\/08\\\/cropped-Logo-Rosario-Negro-2.png\",\"width\":512,\"height\":512,\"caption\":\"Transboundariness\"},\"image\":{\"@id\":\"https:\\\/\\\/transboundariness.com\\\/#\\\/schema\\\/logo\\\/image\\\/\"},\"sameAs\":[\"https:\\\/\\\/www.facebook.com\\\/RosarioSanchezF\",\"https:\\\/\\\/x.com\\\/phdrosariosf\",\"https:\\\/\\\/www.instagram.com\\\/transboundarywaters\\\/\",\"https:\\\/\\\/www.linkedin.com\\\/in\\\/rosario-sanchez-94727833\\\/\"]}]}<\/script>\n<!-- \/ Yoast SEO plugin. -->","yoast_head_json":{"title":"Dashboard - Transboundariness","robots":{"index":"index","follow":"follow","max-snippet":"max-snippet:-1","max-image-preview":"max-image-preview:large","max-video-preview":"max-video-preview:-1"},"canonical":"https:\/\/transboundariness.com\/es\/dashboard\/","og_locale":"es_MX","og_type":"article","og_title":"Dashboard - Transboundariness","og_description":"Por favor Inicia sessi\u00f3n para ver esta p\u00e1gina","og_url":"https:\/\/transboundariness.com\/es\/dashboard\/","og_site_name":"Transboundariness","article_publisher":"https:\/\/www.facebook.com\/RosarioSanchezF","twitter_card":"summary_large_image","twitter_site":"@phdrosariosf","schema":{"@context":"https:\/\/schema.org","@graph":[{"@type":"WebPage","@id":"https:\/\/transboundariness.com\/dashboard\/","url":"https:\/\/transboundariness.com\/dashboard\/","name":"Dashboard - Transboundariness","isPartOf":{"@id":"https:\/\/transboundariness.com\/#website"},"datePublished":"2022-11-18T03:37:21+00:00","breadcrumb":{"@id":"https:\/\/transboundariness.com\/dashboard\/#breadcrumb"},"inLanguage":"es","potentialAction":[{"@type":"ReadAction","target":["https:\/\/transboundariness.com\/dashboard\/"]}]},{"@type":"BreadcrumbList","@id":"https:\/\/transboundariness.com\/dashboard\/#breadcrumb","itemListElement":[{"@type":"ListItem","position":1,"name":"Home","item":"https:\/\/transboundariness.com\/"},{"@type":"ListItem","position":2,"name":"Dashboard"}]},{"@type":"WebSite","@id":"https:\/\/transboundariness.com\/#website","url":"https:\/\/transboundariness.com\/","name":"Transboundariness","description":"Water Resources Research Scientist","publisher":{"@id":"https:\/\/transboundariness.com\/#organization"},"potentialAction":[{"@type":"SearchAction","target":{"@type":"EntryPoint","urlTemplate":"https:\/\/transboundariness.com\/?s={search_term_string}"},"query-input":{"@type":"PropertyValueSpecification","valueRequired":true,"valueName":"search_term_string"}}],"inLanguage":"es"},{"@type":"Organization","@id":"https:\/\/transboundariness.com\/#organization","name":"Transboundariness","url":"https:\/\/transboundariness.com\/","logo":{"@type":"ImageObject","inLanguage":"es","@id":"https:\/\/transboundariness.com\/#\/schema\/logo\/image\/","url":"https:\/\/transboundariness.com\/wp-content\/uploads\/2022\/08\/cropped-Logo-Rosario-Negro-2.png","contentUrl":"https:\/\/transboundariness.com\/wp-content\/uploads\/2022\/08\/cropped-Logo-Rosario-Negro-2.png","width":512,"height":512,"caption":"Transboundariness"},"image":{"@id":"https:\/\/transboundariness.com\/#\/schema\/logo\/image\/"},"sameAs":["https:\/\/www.facebook.com\/RosarioSanchezF","https:\/\/x.com\/phdrosariosf","https:\/\/www.instagram.com\/transboundarywaters\/","https:\/\/www.linkedin.com\/in\/rosario-sanchez-94727833\/"]}]}},"_links":{"self":[{"href":"https:\/\/transboundariness.com\/es\/wp-json\/wp\/v2\/pages\/457","targetHints":{"allow":["GET"]}}],"collection":[{"href":"https:\/\/transboundariness.com\/es\/wp-json\/wp\/v2\/pages"}],"about":[{"href":"https:\/\/transboundariness.com\/es\/wp-json\/wp\/v2\/types\/page"}],"author":[{"embeddable":true,"href":"https:\/\/transboundariness.com\/es\/wp-json\/wp\/v2\/users\/1"}],"replies":[{"embeddable":true,"href":"https:\/\/transboundariness.com\/es\/wp-json\/wp\/v2\/comments?post=457"}],"version-history":[{"count":0,"href":"https:\/\/transboundariness.com\/es\/wp-json\/wp\/v2\/pages\/457\/revisions"}],"wp:attachment":[{"href":"https:\/\/transboundariness.com\/es\/wp-json\/wp\/v2\/media?parent=457"}],"curies":[{"name":"wp","href":"https:\/\/api.w.org\/{rel}","templated":true}]}}